{"id":1115,"date":"2021-01-10T19:24:43","date_gmt":"2021-01-10T19:24:43","guid":{"rendered":"http:\/\/ow-psycholog.com\/?page_id=1115"},"modified":"2023-05-22T17:24:32","modified_gmt":"2023-05-22T17:24:32","slug":"polityka-prywatnosci","status":"publish","type":"page","link":"https:\/\/ow-psycholog.com\/index.php\/polityka-prywatnosci\/","title":{"rendered":"Polityka prywatnosci"},"content":{"rendered":"\t\t<div data-elementor-type=\"wp-page\" data-elementor-id=\"1115\" class=\"elementor elementor-1115\">\n\t\t\t\t\t\t<section class=\"elementor-section elementor-top-section elementor-element elementor-element-afe27ed elementor-section-content-middle elementor-section-boxed elementor-section-height-default elementor-section-height-default\" data-id=\"afe27ed\" data-element_type=\"section\" data-settings=\"{&quot;background_background&quot;:&quot;classic&quot;}\">\n\t\t\t\t\t\t<div class=\"elementor-container elementor-column-gap-no\">\n\t\t\t\t\t<div class=\"elementor-column elementor-col-100 elementor-top-column elementor-element elementor-element-37e3f389\" data-id=\"37e3f389\" data-element_type=\"column\">\n\t\t\t<div class=\"elementor-widget-wrap elementor-element-populated\">\n\t\t\t\t\t\t<div class=\"elementor-element elementor-element-43ca18 elementor-widget elementor-widget-heading\" data-id=\"43ca18\" data-element_type=\"widget\" data-widget_type=\"heading.default\">\n\t\t\t\t<div class=\"elementor-widget-container\">\n\t\t\t\t\t<h4 class=\"elementor-heading-title elementor-size-default\">Polityka prywatno\u015bci<\/h4>\t\t\t\t<\/div>\n\t\t\t\t<\/div>\n\t\t\t\t<div class=\"elementor-element elementor-element-36388533 elementor-widget elementor-widget-text-editor\" data-id=\"36388533\" data-element_type=\"widget\" data-widget_type=\"text-editor.default\">\n\t\t\t\t<div class=\"elementor-widget-container\">\n\t\t\t\t\t\t\t\t\t<p>I Informacje og\u00f3lne<br>\u2022 Niniejsza Polityka Prywatno\u015bci okre\u015bla spos\u00f3b pozyskiwania, przetwarzania oraz zabezpieczania danych osobowych w rozumieniu ustawy o ochronie danych osobowych z dnia 29 sierpnia 1997 roku (Dz.U. Nr 133, poz. 883 z p\u00f3\u017a. zm.) oraz ustaw\u0105 o \u015bwiadczeniu us\u0142ug drog\u0105 elektroniczn\u0105 z dnia 18 lipca 2002 r. (Dz.U. Nr 144, poz. 1204 z p\u00f3\u017a. zm.)<br>\u2022 W\u0142a\u015bcicielem strony internetowej ow-psycholog.pl oraz administratorem danych osobowych jest Olga W\u0119glerska prowadz\u0105cy dzia\u0142alno\u015b\u0107 gospodarcz\u0105 pod nazw\u0105 Olga W\u0119glerska, z siedzib\u0105 w Poznaniu 60-218 , ul. Hetma\u0144ska 59 , NIP 7792513002, REGON: 385411680, wpisany do Centralnej Ewidencji i Informacji o Dzia\u0142alno\u015bci Gospodarczej Rzeczypospolitej Polskiej.<br>II Dane osobowe<br>\u2022 Serwis zbiera informacje podane dobrowolnie przez u\u017cytkownika.<br>\u2022 Ka\u017cda osoba, kt\u00f3ra udost\u0119pni\u0142a swoje dane osobowe ma prawo do dost\u0119pu do ich tre\u015bci oraz mo\u017cliwo\u015b\u0107 ich poprawiania, uaktualniania, uzupe\u0142niania, jak i r\u00f3wnie\u017c \u017c\u0105dania zaprzestania przetwarzania danych osobowych oraz wniesienia sprzeciwu wobec przetwarzania danych osobowych. Wymienione czynno\u015bci mo\u017cna dokona\u0107 poprzez wys\u0142anie stosownego o\u015bwiadczenia na adres email: owpsycholog@gmail.com<br>\u2022 Pozyskane przez administratora dane osobowe s\u0105 przechowywane, przetwarzane i chronione zgodnie z obowi\u0105zuj\u0105cymi przepisami prawa. Zbi\u00f3r danych osobowych zosta\u0142 zg\u0142oszony do Urz\u0119du Ochrony Danych Osobowych (uodo.gov.pl)<\/p>\n<p>\u2022 Administrator chroni zgromadzone dane osobowe korzystaj\u0105c z nast\u0119puj\u0105cych \u015brodk\u00f3w:<br>\u2013 szyfrowanie danych s\u0142u\u017c\u0105cych do zapisu do newslettera<br>\u2013 zabezpieczenie zbioru danych przed nieuprawnionym dost\u0119pem<\/p>\n<p>III Informacja o plikach cookies.<br>\u2022 Serwis korzysta z plik\u00f3w cookies.<br>\u2022 Pliki cookies (tzw. \u201eciasteczka\u201d) stanowi\u0105 dane informatyczne, w szczeg\u00f3lno\u015bci pliki tekstowe, kt\u00f3re przechowywane s\u0105 w urz\u0105dzeniu ko\u0144cowym U\u017cytkownika Serwisu i przeznaczone s\u0105 do korzystania ze stron internetowych Serwisu. Cookies zazwyczaj zawieraj\u0105 nazw\u0119 strony internetowej, z kt\u00f3rej pochodz\u0105, czas przechowywania ich na urz\u0105dzeniu ko\u0144cowym oraz unikalny numer.<br>\u2022 Podmiotem zamieszczaj\u0105cym na urz\u0105dzeniu ko\u0144cowym U\u017cytkownika Serwisu pliki cookies oraz uzyskuj\u0105cym do nich dost\u0119p jest operator Serwisu.<br>\u2022 Pliki cookies wykorzystywane s\u0105 w nast\u0119puj\u0105cych celach:<br>\u2022 tworzenia statystyk, kt\u00f3re pomagaj\u0105 zrozumie\u0107, w jaki spos\u00f3b U\u017cytkownicy Serwisu korzystaj\u0105 ze stron internetowych, co umo\u017cliwia ulepszanie ich struktury i zawarto\u015bci;<br>\u2022 utrzymania sesji U\u017cytkownika Serwisu (po zalogowaniu), dzi\u0119ki kt\u00f3rej U\u017cytkownik nie musi na ka\u017cdej podstronie Serwisu ponownie wpisywa\u0107 loginu i has\u0142a;<br>\u2022 okre\u015blania profilu u\u017cytkownika w celu wy\u015bwietlania mu dopasowanych materia\u0142\u00f3w w sieciach reklamowych, w szczeg\u00f3lno\u015bci sieci Google.<br>\u2022 W ramach Serwisu stosowane s\u0105 dwa zasadnicze rodzaje plik\u00f3w cookies: \u201esesyjne\u201d (session cookies) oraz \u201esta\u0142e\u201d (persistent cookies). Cookies \u201esesyjne\u201d s\u0105 plikami tymczasowymi, kt\u00f3re przechowywane s\u0105 w urz\u0105dzeniu ko\u0144cowym U\u017cytkownika do czasu wylogowania, opuszczenia strony internetowej lub wy\u0142\u0105czenia oprogramowania (przegl\u0105darki internetowej). \u201eSta\u0142e\u201d pliki cookies przechowywane s\u0105 w urz\u0105dzeniu ko\u0144cowym U\u017cytkownika przez czas okre\u015blony w parametrach plik\u00f3w cookies lub do czasu ich usuni\u0119cia przez U\u017cytkownika.<br>\u2022 Oprogramowanie do przegl\u0105dania stron internetowych (przegl\u0105darka internetowa) zazwyczaj domy\u015blnie dopuszcza przechowywanie plik\u00f3w cookies w urz\u0105dzeniu ko\u0144cowym U\u017cytkownika. U\u017cytkownicy Serwisu mog\u0105 dokona\u0107 zmiany ustawie\u0144 w tym zakresie. Przegl\u0105darka internetowa umo\u017cliwia usuni\u0119cie plik\u00f3w cookies. Mo\u017cliwe jest tak\u017ce automatyczne blokowanie plik\u00f3w cookies Szczeg\u00f3\u0142owe informacje na ten temat zawiera pomoc lub dokumentacja przegl\u0105darki internetowej.<br>\u2022 Ograniczenia stosowania plik\u00f3w cookies mog\u0105 wp\u0142yn\u0105\u0107 na niekt\u00f3re funkcjonalno\u015bci dost\u0119pne na stronach internetowych Serwisu.<br>\u2022 Pliki cookies zamieszczane w urz\u0105dzeniu ko\u0144cowym U\u017cytkownika Serwisu i wykorzystywane mog\u0105 by\u0107 r\u00f3wnie\u017c przez wsp\u00f3\u0142pracuj\u0105cych z operatorem Serwisu reklamodawc\u00f3w oraz partner\u00f3w.<br>\u2022 Zalecamy przeczytanie polityki ochrony prywatno\u015bci tych firm, aby pozna\u0107 zasady korzystania z plik\u00f3w cookies wykorzystywane w statystykach: Polityka ochrony prywatno\u015bci Google Analytics.<br>\u2022 Pliki cookies mog\u0105 by\u0107 wykorzystane przez sieci reklamowe, w szczeg\u00f3lno\u015bci sie\u0107 Google, do wy\u015bwietlenia reklam dopasowanych do sposobu, w jaki u\u017cytkownik korzysta z Serwisu. W tym celu mog\u0105 zachowa\u0107 informacj\u0119 o \u015bcie\u017cce nawigacji u\u017cytkownika lub czasie pozostawania na danej stronie.<br>\u2022 W zakresie informacji o preferencjach u\u017cytkownika gromadzonych przez sie\u0107 reklamow\u0105 Google u\u017cytkownik mo\u017ce przegl\u0105da\u0107 i edytowa\u0107 informacje wynikaj\u0105ce z plik\u00f3w cookies przy pomocy narz\u0119dzia: https:\/\/www.google.com\/ads\/preferences\/<\/p>\n<p>IV Zarz\u0105dzanie plikami cookies \u2013 jak w praktyce wyra\u017ca\u0107 i cofa\u0107 zgod\u0119?<br>\u2022 Je\u015bli u\u017cytkownik nie chce otrzymywa\u0107 plik\u00f3w cookies, mo\u017ce zmieni\u0107 ustawienia przegl\u0105darki. Zastrzegamy, \u017ce wy\u0142\u0105czenie obs\u0142ugi plik\u00f3w cookies niezb\u0119dnych dla proces\u00f3w uwierzytelniania, bezpiecze\u0144stwa, utrzymania preferencji u\u017cytkownika mo\u017ce utrudni\u0107, a w skrajnych przypadkach mo\u017ce uniemo\u017cliwi\u0107 korzystanie ze stron www.<br>\u2022 W celu zarz\u0105dzania ustawieniami cookies wybierz z listy poni\u017cej przegl\u0105dark\u0119 internetow\u0105\/ system i post\u0119puj zgodnie z instrukcjami<br>\u2022 \u2013 Internet Explorer<br>\u2022 \u2013 Chrome<br>\u2022 \u2013 Safari<br>\u2022 \u2013 Firefox<br>\u2022 \u2013 Opera<br>\u2022 \u2013 Android<br>\u2022 \u2013 Safari (iOS)<br>\u2022 \u2013 Windows Phone<br>\u2022 \u2013 Blackberry<\/p>\n<p>V Udost\u0119pnienie danych.<br>\u2022 Dane podlegaj\u0105 udost\u0119pnieniu podmiotom zewn\u0119trznym wy\u0142\u0105cznie w granicach prawnie dozwolonych.<br>\u2022 Operator mo\u017ce mie\u0107 obowi\u0105zek udzielania informacji zebranych przez Serwis upowa\u017cnionym organom na podstawie zgodnych z prawem \u017c\u0105da\u0144 w zakresie wynikaj\u0105cym z \u017c\u0105dania.<\/p>\n<p>VI Postanowienia ko\u0144cowe<br>\u2022 Administrator ma prawo do zmian w niniejszej Polityce Prywatno\u015bci. Osoby udost\u0119pniaj\u0105ce swoje dane osobowe obowi\u0105zuje aktualnie obowi\u0105zuj\u0105ca wersja Polityki Prywatno\u015bci, dost\u0119pna na stronie https:\/\/ow-psycholog\/index.php\/polityka-prywatnosci\/<br>\u2022 W sprawach nieuregulowanych niniejsz\u0105 Polityk\u0105 Prywatno\u015bci stosuje si\u0119 obowi\u0105zuj\u0105ce przepisy prawa polskiego.<\/p>\t\t\t\t\t\t\t\t<\/div>\n\t\t\t\t<\/div>\n\t\t\t\t\t<\/div>\n\t\t<\/div>\n\t\t\t\t\t<\/div>\n\t\t<\/section>\n\t\t\t\t<\/div>\n\t\t","protected":false},"excerpt":{"rendered":"<p>Polityka prywatno\u015bci I Informacje og\u00f3lne\u2022 Niniejsza Polityka Prywatno\u015bci okre\u015bla spos\u00f3b pozyskiwania, przetwarzania oraz zabezpieczania danych osobowych w rozumieniu ustawy o ochronie danych osobowych z dnia 29 sierpnia 1997 roku (Dz.U. Nr 133, poz. 883 z p\u00f3\u017a. zm.) oraz ustaw\u0105 o \u015bwiadczeniu us\u0142ug drog\u0105 elektroniczn\u0105 z dnia 18 lipca 2002 r. [&hellip;]<\/p>\n","protected":false},"author":1,"featured_media":0,"parent":0,"menu_order":0,"comment_status":"closed","ping_status":"closed","template":"elementor_header_footer","meta":{"footnotes":""},"class_list":["post-1115","page","type-page","status-publish","hentry"],"yoast_head":"<!-- This site is optimized with the Yoast SEO plugin v25.5 - https:\/\/yoast.com\/wordpress\/plugins\/seo\/ -->\n<title>Polityka prywatnosci - Olga W\u0119glerska - Psycholog, terapeuta, seksuolog Pozna\u0144<\/title>\n<meta name=\"description\" content=\"Jestem dyplomowanym psychologiem oraz psychoterapeut\u0105 iseksuologiem w procesie certyfikacji. Prowadz\u0119 wsparcie oraz poradnictwopsychologiczno-seksuologicznym doros\u0142ych i m\u0142odzie\u017cy (powy\u017cej 15 roku \u017cycia).\" \/>\n<meta name=\"robots\" content=\"index, follow, max-snippet:-1, max-image-preview:large, max-video-preview:-1\" \/>\n<link rel=\"canonical\" href=\"https:\/\/ow-psycholog.com\/index.php\/polityka-prywatnosci\/\" \/>\n<meta property=\"og:locale\" content=\"en_US\" \/>\n<meta property=\"og:type\" content=\"article\" \/>\n<meta property=\"og:title\" content=\"Polityka prywatnosci - Olga W\u0119glerska - Psycholog, terapeuta, seksuolog Pozna\u0144\" \/>\n<meta property=\"og:description\" content=\"Jestem dyplomowanym psychologiem oraz psychoterapeut\u0105 iseksuologiem w procesie certyfikacji. Prowadz\u0119 wsparcie oraz poradnictwopsychologiczno-seksuologicznym doros\u0142ych i m\u0142odzie\u017cy (powy\u017cej 15 roku \u017cycia).\" \/>\n<meta property=\"og:url\" content=\"https:\/\/ow-psycholog.com\/index.php\/polityka-prywatnosci\/\" \/>\n<meta property=\"og:site_name\" content=\"Olga W\u0119glerska - Psycholog, terapeuta, seksuolog Pozna\u0144\" \/>\n<meta property=\"article:modified_time\" content=\"2023-05-22T17:24:32+00:00\" \/>\n<meta name=\"twitter:card\" content=\"summary_large_image\" \/>\n<meta name=\"twitter:label1\" content=\"Est. reading time\" \/>\n\t<meta name=\"twitter:data1\" content=\"4 minutes\" \/>\n<script type=\"application\/ld+json\" class=\"yoast-schema-graph\">{\"@context\":\"https:\/\/schema.org\",\"@graph\":[{\"@type\":\"WebPage\",\"@id\":\"https:\/\/ow-psycholog.com\/index.php\/polityka-prywatnosci\/\",\"url\":\"https:\/\/ow-psycholog.com\/index.php\/polityka-prywatnosci\/\",\"name\":\"Polityka prywatnosci - Olga W\u0119glerska - Psycholog, terapeuta, seksuolog Pozna\u0144\",\"isPartOf\":{\"@id\":\"https:\/\/ow-psycholog.com\/#website\"},\"datePublished\":\"2021-01-10T19:24:43+00:00\",\"dateModified\":\"2023-05-22T17:24:32+00:00\",\"description\":\"Jestem dyplomowanym psychologiem oraz psychoterapeut\u0105 iseksuologiem w procesie certyfikacji. Prowadz\u0119 wsparcie oraz poradnictwopsychologiczno-seksuologicznym doros\u0142ych i m\u0142odzie\u017cy (powy\u017cej 15 roku \u017cycia).\",\"breadcrumb\":{\"@id\":\"https:\/\/ow-psycholog.com\/index.php\/polityka-prywatnosci\/#breadcrumb\"},\"inLanguage\":\"en-US\",\"potentialAction\":[{\"@type\":\"ReadAction\",\"target\":[\"https:\/\/ow-psycholog.com\/index.php\/polityka-prywatnosci\/\"]}]},{\"@type\":\"BreadcrumbList\",\"@id\":\"https:\/\/ow-psycholog.com\/index.php\/polityka-prywatnosci\/#breadcrumb\",\"itemListElement\":[{\"@type\":\"ListItem\",\"position\":1,\"name\":\"Home\",\"item\":\"https:\/\/ow-psycholog.com\/\"},{\"@type\":\"ListItem\",\"position\":2,\"name\":\"Polityka prywatnosci\"}]},{\"@type\":\"WebSite\",\"@id\":\"https:\/\/ow-psycholog.com\/#website\",\"url\":\"https:\/\/ow-psycholog.com\/\",\"name\":\"Olga W\u0119glerska - Psycholog, terapeuta, seksuolog Pozna\u0144\",\"description\":\"Jestem dyplomowanym psychologiem oraz psychoterapeut\u0105 i seksuologiem w procesie certyfikacji. Prowadz\u0119 wsparcie oraz poradnictwo psychologiczno-seksuologicznym doros\u0142ych i m\u0142odzie\u017cy (powy\u017cej 15 roku \u017cycia).\",\"publisher\":{\"@id\":\"https:\/\/ow-psycholog.com\/#organization\"},\"potentialAction\":[{\"@type\":\"SearchAction\",\"target\":{\"@type\":\"EntryPoint\",\"urlTemplate\":\"https:\/\/ow-psycholog.com\/?s={search_term_string}\"},\"query-input\":{\"@type\":\"PropertyValueSpecification\",\"valueRequired\":true,\"valueName\":\"search_term_string\"}}],\"inLanguage\":\"en-US\"},{\"@type\":\"Organization\",\"@id\":\"https:\/\/ow-psycholog.com\/#organization\",\"name\":\"Olga W\u0119glerska - Psycholog, terapeuta, seksuolog Pozna\u0144\",\"url\":\"https:\/\/ow-psycholog.com\/\",\"logo\":{\"@type\":\"ImageObject\",\"inLanguage\":\"en-US\",\"@id\":\"https:\/\/ow-psycholog.com\/#\/schema\/logo\/image\/\",\"url\":\"https:\/\/ow-psycholog.com\/wp-content\/uploads\/2021\/01\/cropped-Group-14-e1684778372917.png\",\"contentUrl\":\"https:\/\/ow-psycholog.com\/wp-content\/uploads\/2021\/01\/cropped-Group-14-e1684778372917.png\",\"width\":80,\"height\":37,\"caption\":\"Olga W\u0119glerska - Psycholog, terapeuta, seksuolog Pozna\u0144\"},\"image\":{\"@id\":\"https:\/\/ow-psycholog.com\/#\/schema\/logo\/image\/\"}}]}<\/script>\n<!-- \/ Yoast SEO plugin. -->","yoast_head_json":{"title":"Polityka prywatnosci - Olga W\u0119glerska - Psycholog, terapeuta, seksuolog Pozna\u0144","description":"Jestem dyplomowanym psychologiem oraz psychoterapeut\u0105 iseksuologiem w procesie certyfikacji. Prowadz\u0119 wsparcie oraz poradnictwopsychologiczno-seksuologicznym doros\u0142ych i m\u0142odzie\u017cy (powy\u017cej 15 roku \u017cycia).","robots":{"index":"index","follow":"follow","max-snippet":"max-snippet:-1","max-image-preview":"max-image-preview:large","max-video-preview":"max-video-preview:-1"},"canonical":"https:\/\/ow-psycholog.com\/index.php\/polityka-prywatnosci\/","og_locale":"en_US","og_type":"article","og_title":"Polityka prywatnosci - Olga W\u0119glerska - Psycholog, terapeuta, seksuolog Pozna\u0144","og_description":"Jestem dyplomowanym psychologiem oraz psychoterapeut\u0105 iseksuologiem w procesie certyfikacji. Prowadz\u0119 wsparcie oraz poradnictwopsychologiczno-seksuologicznym doros\u0142ych i m\u0142odzie\u017cy (powy\u017cej 15 roku \u017cycia).","og_url":"https:\/\/ow-psycholog.com\/index.php\/polityka-prywatnosci\/","og_site_name":"Olga W\u0119glerska - Psycholog, terapeuta, seksuolog Pozna\u0144","article_modified_time":"2023-05-22T17:24:32+00:00","twitter_card":"summary_large_image","twitter_misc":{"Est. reading time":"4 minutes"},"schema":{"@context":"https:\/\/schema.org","@graph":[{"@type":"WebPage","@id":"https:\/\/ow-psycholog.com\/index.php\/polityka-prywatnosci\/","url":"https:\/\/ow-psycholog.com\/index.php\/polityka-prywatnosci\/","name":"Polityka prywatnosci - Olga W\u0119glerska - Psycholog, terapeuta, seksuolog Pozna\u0144","isPartOf":{"@id":"https:\/\/ow-psycholog.com\/#website"},"datePublished":"2021-01-10T19:24:43+00:00","dateModified":"2023-05-22T17:24:32+00:00","description":"Jestem dyplomowanym psychologiem oraz psychoterapeut\u0105 iseksuologiem w procesie certyfikacji. Prowadz\u0119 wsparcie oraz poradnictwopsychologiczno-seksuologicznym doros\u0142ych i m\u0142odzie\u017cy (powy\u017cej 15 roku \u017cycia).","breadcrumb":{"@id":"https:\/\/ow-psycholog.com\/index.php\/polityka-prywatnosci\/#breadcrumb"},"inLanguage":"en-US","potentialAction":[{"@type":"ReadAction","target":["https:\/\/ow-psycholog.com\/index.php\/polityka-prywatnosci\/"]}]},{"@type":"BreadcrumbList","@id":"https:\/\/ow-psycholog.com\/index.php\/polityka-prywatnosci\/#breadcrumb","itemListElement":[{"@type":"ListItem","position":1,"name":"Home","item":"https:\/\/ow-psycholog.com\/"},{"@type":"ListItem","position":2,"name":"Polityka prywatnosci"}]},{"@type":"WebSite","@id":"https:\/\/ow-psycholog.com\/#website","url":"https:\/\/ow-psycholog.com\/","name":"Olga W\u0119glerska - Psycholog, terapeuta, seksuolog Pozna\u0144","description":"Jestem dyplomowanym psychologiem oraz psychoterapeut\u0105 i seksuologiem w procesie certyfikacji. Prowadz\u0119 wsparcie oraz poradnictwo psychologiczno-seksuologicznym doros\u0142ych i m\u0142odzie\u017cy (powy\u017cej 15 roku \u017cycia).","publisher":{"@id":"https:\/\/ow-psycholog.com\/#organization"},"potentialAction":[{"@type":"SearchAction","target":{"@type":"EntryPoint","urlTemplate":"https:\/\/ow-psycholog.com\/?s={search_term_string}"},"query-input":{"@type":"PropertyValueSpecification","valueRequired":true,"valueName":"search_term_string"}}],"inLanguage":"en-US"},{"@type":"Organization","@id":"https:\/\/ow-psycholog.com\/#organization","name":"Olga W\u0119glerska - Psycholog, terapeuta, seksuolog Pozna\u0144","url":"https:\/\/ow-psycholog.com\/","logo":{"@type":"ImageObject","inLanguage":"en-US","@id":"https:\/\/ow-psycholog.com\/#\/schema\/logo\/image\/","url":"https:\/\/ow-psycholog.com\/wp-content\/uploads\/2021\/01\/cropped-Group-14-e1684778372917.png","contentUrl":"https:\/\/ow-psycholog.com\/wp-content\/uploads\/2021\/01\/cropped-Group-14-e1684778372917.png","width":80,"height":37,"caption":"Olga W\u0119glerska - Psycholog, terapeuta, seksuolog Pozna\u0144"},"image":{"@id":"https:\/\/ow-psycholog.com\/#\/schema\/logo\/image\/"}}]}},"jetpack_sharing_enabled":true,"_links":{"self":[{"href":"https:\/\/ow-psycholog.com\/index.php\/wp-json\/wp\/v2\/pages\/1115","targetHints":{"allow":["GET"]}}],"collection":[{"href":"https:\/\/ow-psycholog.com\/index.php\/wp-json\/wp\/v2\/pages"}],"about":[{"href":"https:\/\/ow-psycholog.com\/index.php\/wp-json\/wp\/v2\/types\/page"}],"author":[{"embeddable":true,"href":"https:\/\/ow-psycholog.com\/index.php\/wp-json\/wp\/v2\/users\/1"}],"replies":[{"embeddable":true,"href":"https:\/\/ow-psycholog.com\/index.php\/wp-json\/wp\/v2\/comments?post=1115"}],"version-history":[{"count":11,"href":"https:\/\/ow-psycholog.com\/index.php\/wp-json\/wp\/v2\/pages\/1115\/revisions"}],"predecessor-version":[{"id":1413,"href":"https:\/\/ow-psycholog.com\/index.php\/wp-json\/wp\/v2\/pages\/1115\/revisions\/1413"}],"wp:attachment":[{"href":"https:\/\/ow-psycholog.com\/index.php\/wp-json\/wp\/v2\/media?parent=1115"}],"curies":[{"name":"wp","href":"https:\/\/api.w.org\/{rel}","templated":true}]}}