{"id":783,"date":"2021-01-05T13:52:15","date_gmt":"2021-01-05T13:52:15","guid":{"rendered":"http:\/\/ow-psycholog.com\/?page_id=783"},"modified":"2023-06-18T20:42:16","modified_gmt":"2023-06-18T20:42:16","slug":"regulamin","status":"publish","type":"page","link":"https:\/\/ow-psycholog.com\/index.php\/regulamin\/","title":{"rendered":"Regulamin wsp\u00f3\u0142pracy"},"content":{"rendered":"\t\t<div data-elementor-type=\"wp-page\" data-elementor-id=\"783\" class=\"elementor elementor-783\">\n\t\t\t\t\t\t<section class=\"elementor-section elementor-top-section elementor-element elementor-element-6b2b9bd8 elementor-section-content-middle elementor-section-boxed elementor-section-height-default elementor-section-height-default\" data-id=\"6b2b9bd8\" data-element_type=\"section\" data-settings=\"{&quot;background_background&quot;:&quot;classic&quot;}\">\n\t\t\t\t\t\t<div class=\"elementor-container elementor-column-gap-no\">\n\t\t\t\t\t<div class=\"elementor-column elementor-col-100 elementor-top-column elementor-element elementor-element-726b5db9\" data-id=\"726b5db9\" data-element_type=\"column\">\n\t\t\t<div class=\"elementor-widget-wrap elementor-element-populated\">\n\t\t\t\t\t\t<div class=\"elementor-element elementor-element-7d5c0f82 elementor-widget elementor-widget-heading\" data-id=\"7d5c0f82\" data-element_type=\"widget\" data-widget_type=\"heading.default\">\n\t\t\t\t<div class=\"elementor-widget-container\">\n\t\t\t\t\t<h4 class=\"elementor-heading-title elementor-size-default\">Regulamin wsp\u00f3\u0142pracy<\/h4>\t\t\t\t<\/div>\n\t\t\t\t<\/div>\n\t\t\t\t<div class=\"elementor-element elementor-element-128fd6ed elementor-widget elementor-widget-heading\" data-id=\"128fd6ed\" data-element_type=\"widget\" data-widget_type=\"heading.default\">\n\t\t\t\t<div class=\"elementor-widget-container\">\n\t\t\t\t\t<h5 class=\"elementor-heading-title elementor-size-default\">Informacje o tym jak wsp\u00f3\u0142pracujemy<\/h5>\t\t\t\t<\/div>\n\t\t\t\t<\/div>\n\t\t\t\t<div class=\"elementor-element elementor-element-592b726 elementor-widget elementor-widget-text-editor\" data-id=\"592b726\" data-element_type=\"widget\" data-widget_type=\"text-editor.default\">\n\t\t\t\t<div class=\"elementor-widget-container\">\n\t\t\t\t\t\t\t\t\t<p>1. Wizyty mo\u017cna umawia\u0107 przez platform\u0119 <a href=\"https:\/\/twojpsycholog.pl\/profil-psychologa\/olga-weglerska-640\">twojpsycholog.pl<\/a>, telefonicznie pod numerem\u00a0<a href=\"tel:+48695937713\">+48 695 937 713<\/a> oraz mailowo <a href=\"mailto:owpsycholog@gmail.com\">owpsycholog@gmail.com<\/a><\/p><p>2. Telefon jest aktywny przez wi\u0119kszo\u015b\u0107 czasu \u2013 co nie oznacza jednak, \u017ce zawsze mog\u0119 go odebra\u0107. W takich sytuacjach poprosz\u0119 o kontakt SMS, oddzwoni\u0119 w najbli\u017cszym mo\u017cliwym terminie.<\/p><p>3. W przypadku niemo\u017cno\u015bci odbycia wizyty prosz\u0119 o jej odwo\u0142anie. Spotkania mo\u017cna anulowa\u0107 za po\u015brednictwem telefonu (najlepiej przez SMS pod numerem: <a href=\"tel:+48695937713\">+48 695 937 713<\/a> )<\/p><p>4. Um\u00f3wion\u0105 wcze\u015bniej wizyt\u0119 mo\u017cna bezp\u0142atnie odwo\u0142a\u0107 najp\u00f3\u017aniej 24 godziny przed jej terminem, przy odwo\u0142aniu po up\u0142ywie tego czasu \u2013 wizyta b\u0119dzie musia\u0142a zosta\u0107 op\u0142acona. Niepojawienie si\u0119 na wizycie bez odwo\u0142ania \u2013 r\u00f3wnie\u017c wi\u0105\u017ce si\u0119 z obowi\u0105zkiem zap\u0142aty.<\/p><p>5. W przypadku sp\u00f3\u017anienia spotkanie nie b\u0119dzie przed\u0142u\u017cane. Wizyty trwaj\u0105 50 minut.<\/p><p>6. Osoby ma\u0142oletnie lub ubezw\u0142asnowolnione musz\u0105 mie\u0107 pisemn\u0105 zgod\u0119 osoby sprawuj\u0105cej opiek\u0119 prawn\u0105 na korzystanie z us\u0142ug oraz na pierwsze spotkanie musz\u0105 przyj\u015b\u0107 z opiekunem prawnym.<\/p><p>7. Wizyty odwo\u0142ywane przez specjalist\u0119 \u2013 wynikaj\u0105ce z dni wolnych i innych okoliczno\u015bci \u2013 s\u0105 zapowiadane z d\u0142u\u017cszym wyprzedzeniem i nie wi\u0105\u017c\u0105 si\u0119 z kosztami.<\/p><p>8. Wizyty on-line odbywaj\u0105 si\u0119 przez aplikacj\u0119 <a href=\"http:\/\/www.whatsapp.com\">Whatsapp<\/a>, <a href=\"https:\/\/signal.org\/pl\/\">Signal<\/a> lub <a href=\"http:\/\/meet.google.com\">Google Meets<\/a>, po wcze\u015bniejszym um\u00f3wieniu i op\u0142aceniu spotkania przelewem bankowym.<\/p>\t\t\t\t\t\t\t\t<\/div>\n\t\t\t\t<\/div>\n\t\t\t\t\t<\/div>\n\t\t<\/div>\n\t\t\t\t\t<\/div>\n\t\t<\/section>\n\t\t\t\t<section class=\"elementor-section elementor-top-section elementor-element elementor-element-a099c72 elementor-section-boxed elementor-section-height-default elementor-section-height-default\" data-id=\"a099c72\" data-element_type=\"section\" data-settings=\"{&quot;background_background&quot;:&quot;classic&quot;}\">\n\t\t\t\t\t\t<div class=\"elementor-container elementor-column-gap-default\">\n\t\t\t\t\t<div class=\"elementor-column elementor-col-50 elementor-top-column elementor-element elementor-element-444df84\" data-id=\"444df84\" data-element_type=\"column\">\n\t\t\t<div class=\"elementor-widget-wrap elementor-element-populated\">\n\t\t\t\t\t\t<div class=\"elementor-element elementor-element-1f3dd83 elementor-widget elementor-widget-heading\" data-id=\"1f3dd83\" data-element_type=\"widget\" data-widget_type=\"heading.default\">\n\t\t\t\t<div class=\"elementor-widget-container\">\n\t\t\t\t\t<div class=\"elementor-heading-title elementor-size-default\"><a href=\"https:\/\/grow-terapia.pl\/\">Gabinet grow<\/a><\/div>\t\t\t\t<\/div>\n\t\t\t\t<\/div>\n\t\t\t\t<div class=\"elementor-element elementor-element-69c224b elementor-widget elementor-widget-text-editor\" data-id=\"69c224b\" data-element_type=\"widget\" data-widget_type=\"text-editor.default\">\n\t\t\t\t<div class=\"elementor-widget-container\">\n\t\t\t\t\t\t\t\t\t<p>Krauthofera 20b\/8<br \/>60-203 Pozna\u0144<\/p>\t\t\t\t\t\t\t\t<\/div>\n\t\t\t\t<\/div>\n\t\t\t\t\t<\/div>\n\t\t<\/div>\n\t\t\t\t<div class=\"elementor-column elementor-col-50 elementor-top-column elementor-element elementor-element-762ab60\" data-id=\"762ab60\" data-element_type=\"column\">\n\t\t\t<div class=\"elementor-widget-wrap elementor-element-populated\">\n\t\t\t\t\t\t<div class=\"elementor-element elementor-element-165e8c1 elementor-widget elementor-widget-heading\" data-id=\"165e8c1\" data-element_type=\"widget\" data-widget_type=\"heading.default\">\n\t\t\t\t<div class=\"elementor-widget-container\">\n\t\t\t\t\t<div class=\"elementor-heading-title elementor-size-default\">Dane kontaktowe<\/div>\t\t\t\t<\/div>\n\t\t\t\t<\/div>\n\t\t\t\t<div class=\"elementor-element elementor-element-4e88705 elementor-widget elementor-widget-text-editor\" data-id=\"4e88705\" data-element_type=\"widget\" data-widget_type=\"text-editor.default\">\n\t\t\t\t<div class=\"elementor-widget-container\">\n\t\t\t\t\t\t\t\t\tTelefon: <a href=\"tel:+48695937713\">+48 695 937 713<\/a>\t\t\t\t\t\t\t\t<\/div>\n\t\t\t\t<\/div>\n\t\t\t\t<div class=\"elementor-element elementor-element-13cd789 elementor-widget elementor-widget-text-editor\" data-id=\"13cd789\" data-element_type=\"widget\" data-widget_type=\"text-editor.default\">\n\t\t\t\t<div class=\"elementor-widget-container\">\n\t\t\t\t\t\t\t\t\tEmail : <a href=\"mailto:owpsycholog@gmail.com\">owpsycholog@gmail.com<\/a>\t\t\t\t\t\t\t\t<\/div>\n\t\t\t\t<\/div>\n\t\t\t\t\t<\/div>\n\t\t<\/div>\n\t\t\t\t\t<\/div>\n\t\t<\/section>\n\t\t\t\t<\/div>\n\t\t","protected":false},"excerpt":{"rendered":"<p>Regulamin wsp\u00f3\u0142pracy Informacje o tym jak wsp\u00f3\u0142pracujemy 1. Wizyty mo\u017cna umawia\u0107 przez platform\u0119 twojpsycholog.pl, telefonicznie pod numerem\u00a0+48 695 937 713 oraz mailowo owpsycholog@gmail.com 2. Telefon jest aktywny przez wi\u0119kszo\u015b\u0107 czasu \u2013 co nie oznacza jednak, \u017ce zawsze mog\u0119 go odebra\u0107. W takich sytuacjach poprosz\u0119 o kontakt SMS, oddzwoni\u0119 w najbli\u017cszym [&hellip;]<\/p>\n","protected":false},"author":1,"featured_media":0,"parent":0,"menu_order":0,"comment_status":"closed","ping_status":"closed","template":"elementor_header_footer","meta":{"footnotes":""},"class_list":["post-783","page","type-page","status-publish","hentry"],"yoast_head":"<!-- This site is optimized with the Yoast SEO plugin v25.5 - https:\/\/yoast.com\/wordpress\/plugins\/seo\/ -->\n<title>Regulamin wsp\u00f3\u0142pracy - Olga W\u0119glerska - Psycholog, terapeuta, seksuolog Pozna\u0144<\/title>\n<meta name=\"description\" content=\"Zapoznaj si\u0119 z Regulaminem wsp\u00f3\u0142pracy w trakcie procesu, w gabinecie (Pozna\u0144) oraz online z wykorzystaniem komunikator\u00f3w.\" \/>\n<meta name=\"robots\" content=\"index, follow, max-snippet:-1, max-image-preview:large, max-video-preview:-1\" \/>\n<link rel=\"canonical\" href=\"https:\/\/ow-psycholog.com\/index.php\/regulamin\/\" \/>\n<meta property=\"og:locale\" content=\"en_US\" \/>\n<meta property=\"og:type\" content=\"article\" \/>\n<meta property=\"og:title\" content=\"Regulamin wsp\u00f3\u0142pracy - Olga W\u0119glerska - Psycholog, terapeuta, seksuolog Pozna\u0144\" \/>\n<meta property=\"og:description\" content=\"Zapoznaj si\u0119 z Regulaminem wsp\u00f3\u0142pracy w trakcie procesu, w gabinecie (Pozna\u0144) oraz online z wykorzystaniem komunikator\u00f3w.\" \/>\n<meta property=\"og:url\" content=\"https:\/\/ow-psycholog.com\/index.php\/regulamin\/\" \/>\n<meta property=\"og:site_name\" content=\"Olga W\u0119glerska - Psycholog, terapeuta, seksuolog Pozna\u0144\" \/>\n<meta property=\"article:modified_time\" content=\"2023-06-18T20:42:16+00:00\" \/>\n<meta name=\"twitter:card\" content=\"summary_large_image\" \/>\n<meta name=\"twitter:label1\" content=\"Est. reading time\" \/>\n\t<meta name=\"twitter:data1\" content=\"1 minute\" \/>\n<script type=\"application\/ld+json\" class=\"yoast-schema-graph\">{\"@context\":\"https:\/\/schema.org\",\"@graph\":[{\"@type\":\"WebPage\",\"@id\":\"https:\/\/ow-psycholog.com\/index.php\/regulamin\/\",\"url\":\"https:\/\/ow-psycholog.com\/index.php\/regulamin\/\",\"name\":\"Regulamin wsp\u00f3\u0142pracy - Olga W\u0119glerska - Psycholog, terapeuta, seksuolog Pozna\u0144\",\"isPartOf\":{\"@id\":\"https:\/\/ow-psycholog.com\/#website\"},\"datePublished\":\"2021-01-05T13:52:15+00:00\",\"dateModified\":\"2023-06-18T20:42:16+00:00\",\"description\":\"Zapoznaj si\u0119 z Regulaminem wsp\u00f3\u0142pracy w trakcie procesu, w gabinecie (Pozna\u0144) oraz online z wykorzystaniem komunikator\u00f3w.\",\"breadcrumb\":{\"@id\":\"https:\/\/ow-psycholog.com\/index.php\/regulamin\/#breadcrumb\"},\"inLanguage\":\"en-US\",\"potentialAction\":[{\"@type\":\"ReadAction\",\"target\":[\"https:\/\/ow-psycholog.com\/index.php\/regulamin\/\"]}]},{\"@type\":\"BreadcrumbList\",\"@id\":\"https:\/\/ow-psycholog.com\/index.php\/regulamin\/#breadcrumb\",\"itemListElement\":[{\"@type\":\"ListItem\",\"position\":1,\"name\":\"Home\",\"item\":\"https:\/\/ow-psycholog.com\/\"},{\"@type\":\"ListItem\",\"position\":2,\"name\":\"Regulamin wsp\u00f3\u0142pracy\"}]},{\"@type\":\"WebSite\",\"@id\":\"https:\/\/ow-psycholog.com\/#website\",\"url\":\"https:\/\/ow-psycholog.com\/\",\"name\":\"Olga W\u0119glerska - Psycholog, terapeuta, seksuolog Pozna\u0144\",\"description\":\"Jestem dyplomowanym psychologiem oraz psychoterapeut\u0105 i seksuologiem w procesie certyfikacji. Prowadz\u0119 wsparcie oraz poradnictwo psychologiczno-seksuologicznym doros\u0142ych i m\u0142odzie\u017cy (powy\u017cej 15 roku \u017cycia).\",\"publisher\":{\"@id\":\"https:\/\/ow-psycholog.com\/#organization\"},\"potentialAction\":[{\"@type\":\"SearchAction\",\"target\":{\"@type\":\"EntryPoint\",\"urlTemplate\":\"https:\/\/ow-psycholog.com\/?s={search_term_string}\"},\"query-input\":{\"@type\":\"PropertyValueSpecification\",\"valueRequired\":true,\"valueName\":\"search_term_string\"}}],\"inLanguage\":\"en-US\"},{\"@type\":\"Organization\",\"@id\":\"https:\/\/ow-psycholog.com\/#organization\",\"name\":\"Olga W\u0119glerska - Psycholog, terapeuta, seksuolog Pozna\u0144\",\"url\":\"https:\/\/ow-psycholog.com\/\",\"logo\":{\"@type\":\"ImageObject\",\"inLanguage\":\"en-US\",\"@id\":\"https:\/\/ow-psycholog.com\/#\/schema\/logo\/image\/\",\"url\":\"https:\/\/ow-psycholog.com\/wp-content\/uploads\/2021\/01\/cropped-Group-14-e1684778372917.png\",\"contentUrl\":\"https:\/\/ow-psycholog.com\/wp-content\/uploads\/2021\/01\/cropped-Group-14-e1684778372917.png\",\"width\":80,\"height\":37,\"caption\":\"Olga W\u0119glerska - Psycholog, terapeuta, seksuolog Pozna\u0144\"},\"image\":{\"@id\":\"https:\/\/ow-psycholog.com\/#\/schema\/logo\/image\/\"}}]}<\/script>\n<!-- \/ Yoast SEO plugin. -->","yoast_head_json":{"title":"Regulamin wsp\u00f3\u0142pracy - Olga W\u0119glerska - Psycholog, terapeuta, seksuolog Pozna\u0144","description":"Zapoznaj si\u0119 z Regulaminem wsp\u00f3\u0142pracy w trakcie procesu, w gabinecie (Pozna\u0144) oraz online z wykorzystaniem komunikator\u00f3w.","robots":{"index":"index","follow":"follow","max-snippet":"max-snippet:-1","max-image-preview":"max-image-preview:large","max-video-preview":"max-video-preview:-1"},"canonical":"https:\/\/ow-psycholog.com\/index.php\/regulamin\/","og_locale":"en_US","og_type":"article","og_title":"Regulamin wsp\u00f3\u0142pracy - Olga W\u0119glerska - Psycholog, terapeuta, seksuolog Pozna\u0144","og_description":"Zapoznaj si\u0119 z Regulaminem wsp\u00f3\u0142pracy w trakcie procesu, w gabinecie (Pozna\u0144) oraz online z wykorzystaniem komunikator\u00f3w.","og_url":"https:\/\/ow-psycholog.com\/index.php\/regulamin\/","og_site_name":"Olga W\u0119glerska - Psycholog, terapeuta, seksuolog Pozna\u0144","article_modified_time":"2023-06-18T20:42:16+00:00","twitter_card":"summary_large_image","twitter_misc":{"Est. reading time":"1 minute"},"schema":{"@context":"https:\/\/schema.org","@graph":[{"@type":"WebPage","@id":"https:\/\/ow-psycholog.com\/index.php\/regulamin\/","url":"https:\/\/ow-psycholog.com\/index.php\/regulamin\/","name":"Regulamin wsp\u00f3\u0142pracy - Olga W\u0119glerska - Psycholog, terapeuta, seksuolog Pozna\u0144","isPartOf":{"@id":"https:\/\/ow-psycholog.com\/#website"},"datePublished":"2021-01-05T13:52:15+00:00","dateModified":"2023-06-18T20:42:16+00:00","description":"Zapoznaj si\u0119 z Regulaminem wsp\u00f3\u0142pracy w trakcie procesu, w gabinecie (Pozna\u0144) oraz online z wykorzystaniem komunikator\u00f3w.","breadcrumb":{"@id":"https:\/\/ow-psycholog.com\/index.php\/regulamin\/#breadcrumb"},"inLanguage":"en-US","potentialAction":[{"@type":"ReadAction","target":["https:\/\/ow-psycholog.com\/index.php\/regulamin\/"]}]},{"@type":"BreadcrumbList","@id":"https:\/\/ow-psycholog.com\/index.php\/regulamin\/#breadcrumb","itemListElement":[{"@type":"ListItem","position":1,"name":"Home","item":"https:\/\/ow-psycholog.com\/"},{"@type":"ListItem","position":2,"name":"Regulamin wsp\u00f3\u0142pracy"}]},{"@type":"WebSite","@id":"https:\/\/ow-psycholog.com\/#website","url":"https:\/\/ow-psycholog.com\/","name":"Olga W\u0119glerska - Psycholog, terapeuta, seksuolog Pozna\u0144","description":"Jestem dyplomowanym psychologiem oraz psychoterapeut\u0105 i seksuologiem w procesie certyfikacji. Prowadz\u0119 wsparcie oraz poradnictwo psychologiczno-seksuologicznym doros\u0142ych i m\u0142odzie\u017cy (powy\u017cej 15 roku \u017cycia).","publisher":{"@id":"https:\/\/ow-psycholog.com\/#organization"},"potentialAction":[{"@type":"SearchAction","target":{"@type":"EntryPoint","urlTemplate":"https:\/\/ow-psycholog.com\/?s={search_term_string}"},"query-input":{"@type":"PropertyValueSpecification","valueRequired":true,"valueName":"search_term_string"}}],"inLanguage":"en-US"},{"@type":"Organization","@id":"https:\/\/ow-psycholog.com\/#organization","name":"Olga W\u0119glerska - Psycholog, terapeuta, seksuolog Pozna\u0144","url":"https:\/\/ow-psycholog.com\/","logo":{"@type":"ImageObject","inLanguage":"en-US","@id":"https:\/\/ow-psycholog.com\/#\/schema\/logo\/image\/","url":"https:\/\/ow-psycholog.com\/wp-content\/uploads\/2021\/01\/cropped-Group-14-e1684778372917.png","contentUrl":"https:\/\/ow-psycholog.com\/wp-content\/uploads\/2021\/01\/cropped-Group-14-e1684778372917.png","width":80,"height":37,"caption":"Olga W\u0119glerska - Psycholog, terapeuta, seksuolog Pozna\u0144"},"image":{"@id":"https:\/\/ow-psycholog.com\/#\/schema\/logo\/image\/"}}]}},"jetpack_sharing_enabled":true,"_links":{"self":[{"href":"https:\/\/ow-psycholog.com\/index.php\/wp-json\/wp\/v2\/pages\/783","targetHints":{"allow":["GET"]}}],"collection":[{"href":"https:\/\/ow-psycholog.com\/index.php\/wp-json\/wp\/v2\/pages"}],"about":[{"href":"https:\/\/ow-psycholog.com\/index.php\/wp-json\/wp\/v2\/types\/page"}],"author":[{"embeddable":true,"href":"https:\/\/ow-psycholog.com\/index.php\/wp-json\/wp\/v2\/users\/1"}],"replies":[{"embeddable":true,"href":"https:\/\/ow-psycholog.com\/index.php\/wp-json\/wp\/v2\/comments?post=783"}],"version-history":[{"count":34,"href":"https:\/\/ow-psycholog.com\/index.php\/wp-json\/wp\/v2\/pages\/783\/revisions"}],"predecessor-version":[{"id":1517,"href":"https:\/\/ow-psycholog.com\/index.php\/wp-json\/wp\/v2\/pages\/783\/revisions\/1517"}],"wp:attachment":[{"href":"https:\/\/ow-psycholog.com\/index.php\/wp-json\/wp\/v2\/media?parent=783"}],"curies":[{"name":"wp","href":"https:\/\/api.w.org\/{rel}","templated":true}]}}